{"id":2,"date":"2022-02-17T21:45:31","date_gmt":"2022-02-17T20:45:31","guid":{"rendered":"http:\/\/www.traiteur-authentique.com\/?page_id=2"},"modified":"2022-02-17T22:06:41","modified_gmt":"2022-02-17T21:06:41","slug":"page-d-exemple","status":"publish","type":"page","link":"https:\/\/www.traiteur-authentique.com\/index.php\/page-d-exemple\/","title":{"rendered":"Home"},"content":{"rendered":"\n<div class=\"wp-block-cover alignfull is-light hestia-clear-top-padding\" style=\"min-height:undefinedpx\"><span aria-hidden=\"true\" class=\"has-white-background-color has-background-dim-100 wp-block-cover__gradient-background has-background-dim\"><\/span><div class=\"wp-block-cover__inner-container is-layout-flow wp-block-cover-is-layout-flow\">\n<h2 class=\"has-text-align-center has-text-color wp-block-heading\" id=\"prestations\" style=\"color:#3c4858\">Prestations<\/h2>\n\n\n\n<div style=\"height:40px\" aria-hidden=\"true\" class=\"wp-block-spacer\"><\/div>\n\n\n\n<div class=\"wp-block-columns container is-layout-flex wp-container-core-columns-is-layout-9d6595d7 wp-block-columns-is-layout-flex\">\n<div class=\"wp-block-column is-layout-flow wp-block-column-is-layout-flow\">\n<p class=\"has-text-color\" style=\"color:#999999\">Pourquoi opter pour le portage de repas ? <\/p>\n\n\n\n<p class=\"has-text-color\" style=\"color:#999999\">C&rsquo;est une r\u00e9elle aide au maintien \u00e0 domicile des personnes \u00e2g\u00e9es et\/ou fragiles. Les visites quotidiennes offrent une pr\u00e9sence r\u00e9guli\u00e8re en plus d&rsquo;assurer une alimentation fra\u00eeche et \u00e9quilibr\u00e9e.<\/p>\n\n\n\n<p class=\"has-text-color\" style=\"color:#999999\">Les livraisons sont effectu\u00e9es tous les jours \u00e0 votre domicile sauf le dimanche. Les repas du dimanche sont livr\u00e9s en m\u00eame temps que ceux du samedi.<\/p>\n\n\n\n<p class=\"has-text-color\" style=\"color:#999999\">Une formule unique d\u00e9jeuner + d\u00eener est disponible pour plus de facilit\u00e9, elle est au prix de 9\u20ac95 par jour.<\/p>\n\n\n\n<p class=\"has-text-color\" style=\"color:#999999\">Les menus sont \u00e9labor\u00e9s par des professionnels soucieux de l&rsquo;\u00e9quilibre des saveurs et nutritionnel.<\/p>\n\n\n\n<p class=\"has-text-color\" style=\"color:#999999\">La formule comporte le midi une entr\u00e9e,  un plat, une garniture, un fromage et un dessert,  le soir il y a un potage.<\/p>\n<\/div>\n<\/div>\n\n\n\n<div class=\"wp-block-columns container is-layout-flex wp-container-core-columns-is-layout-9d6595d7 wp-block-columns-is-layout-flex\">\n<div class=\"wp-block-column is-layout-flow wp-block-column-is-layout-flow\">\n<div class=\"icon icon-primary care-icon\">\n<i class=\"fas fa-truck\"><\/i>\n<\/div>\n\n<h3 class=\"has-text-align-center has-text-color wp-block-heading\" style=\"color:#3c4858;font-size:18px\">Rapidit\u00e9<\/h3>\n\n\n\n<p class=\"has-text-align-center has-text-color\" style=\"color:#999999;font-size:14px\">La mise en place du portage de repas \u00e0 domicile peut se faire rapidement et facilement. Contactez Gis\u00e8le au minimum 72h avant. Il n&rsquo;y a aucun engagement sur la dur\u00e9e ni frais de dossier.<\/p>\n\n\n\n<div style=\"height:25px\" aria-hidden=\"true\" class=\"wp-block-spacer\"><\/div>\n<\/div>\n\n\n\n<div class=\"wp-block-column is-layout-flow wp-block-column-is-layout-flow\">\n<div class=\"icon icon-primary care-icon\">\n<i class=\"fas fa-file-invoice\"><\/i>\n<\/div>\n\n<h3 class=\"has-text-align-center has-text-color wp-block-heading\" style=\"color:#3c4858;font-size:18px\">Facturation<\/h3>\n\n\n\n<p class=\"has-text-align-center has-text-color\" style=\"color:#999999;font-size:14px\">Elle s&rsquo;effectue \u00e0 la fin de chaque mois. Nous b\u00e9n\u00e9ficions de l&rsquo;agr\u00e9ment Service \u00e0 la Personne qui vous permet de b\u00e9n\u00e9ficier de l&rsquo;Allocation Personnalis\u00e9e d&rsquo;Autonomie (APA) aupr\u00e8s du Conseil d\u00e9partemental.<\/p>\n\n\n\n<div style=\"height:25px\" aria-hidden=\"true\" class=\"wp-block-spacer\"><\/div>\n<\/div>\n\n\n\n<div class=\"wp-block-column is-layout-flow wp-block-column-is-layout-flow\">\n<div class=\"icon icon-primary care-icon\">\n<i class=\"fas fa-check\"><\/i>\n<\/div>\n\n<h3 class=\"has-text-align-center has-text-color wp-block-heading\" style=\"color:#3c4858;font-size:18px\">Hygi\u00e8ne<\/h3>\n\n\n\n<p class=\"has-text-align-center has-text-color\" style=\"color:#999999;font-size:14px\">Tous les repas sont r\u00e9alis\u00e9s dans des conditions d&rsquo;hygi\u00e8ne strictes. Ils sont livr\u00e9s en barquettes thermo-soud\u00e9es et micro-ondables sur lesquelles figurent la date de fabrication et la date limite de consommation.<\/p>\n\n\n\n<div style=\"height:25px\" aria-hidden=\"true\" class=\"wp-block-spacer\"><\/div>\n<\/div>\n<\/div>\n\n\n\n<h2 class=\"has-text-align-center has-text-color wp-block-heading\" id=\"exemples\" style=\"color:#3c4858\">Exemples de plats<\/h2>\n\n\n\n<div style=\"height:40px\" aria-hidden=\"true\" class=\"wp-block-spacer\"><\/div>\n\n\n\n<div class=\"wp-block-columns container is-layout-flex wp-container-core-columns-is-layout-9d6595d7 wp-block-columns-is-layout-flex\">\n<div class=\"wp-block-column is-layout-flow wp-block-column-is-layout-flow\">\n<div class=\"wp-block-image\"><figure class=\"aligncenter size-full\"><img decoding=\"async\" src=\"http:\/\/localhost:8002\/wp-content\/uploads\/2021\/12\/entree.jpg\" alt=\"\" class=\"wp-image-57\"\/><\/figure><\/div>\n\n\n\n<h5 class=\"has-text-align-center has-text-color wp-block-heading\" style=\"color:#3c4858;font-size:18px\">Entr\u00e9es<\/h5>\n\n\n\n<p class=\"has-text-align-center has-text-color\" style=\"color:#999999;font-size:14px\"> Celeri remoulade.<br> Carottes rap\u00e9es.<br> Quiche.<br> Pizza.<br> Charcuterie (pat\u00e9 croute, saucisson, jambon blanc, etc&#8230;).<br> <\/p>\n\n\n\n<div style=\"height:25px\" aria-hidden=\"true\" class=\"wp-block-spacer\"><\/div>\n<\/div>\n\n\n\n<div class=\"wp-block-column is-layout-flow wp-block-column-is-layout-flow\">\n<div class=\"wp-block-image\"><figure class=\"aligncenter size-full\"><img decoding=\"async\" src=\"http:\/\/localhost:8002\/wp-content\/uploads\/2021\/12\/plat-2.jpg\" alt=\"\" class=\"wp-image-67\"\/><\/figure><\/div>\n\n\n\n<h5 class=\"has-text-align-center has-text-color wp-block-heading\" style=\"color:#3c4858;font-size:18px\">Plat<\/h5>\n\n\n\n<p class=\"has-text-align-center has-text-color\" style=\"color:#999999;font-size:14px\"> Cuisse de canette.<br> Saut\u00e9 de porc.<br> Quenelles de Brochet\/volaille.<br> Dos de cabillaud.<br> Gratin de saint jacques.<br> Les plats sont toujours. accompagn\u00e9s de l\u00e9gumes. (choux fleur, petits poids, haricots verts, etc&#8230;). <\/p>\n\n\n\n<div style=\"height:25px\" aria-hidden=\"true\" class=\"wp-block-spacer\"><\/div>\n<\/div>\n\n\n\n<div class=\"wp-block-column is-layout-flow wp-block-column-is-layout-flow\">\n<div class=\"wp-block-image\"><figure class=\"aligncenter size-large\"><img decoding=\"async\" src=\"http:\/\/localhost:8002\/wp-content\/themes\/hestia\/assets\/img\/feat3.png\" alt=\"\" class=\"wp-image-72\"\/><\/figure><\/div>\n\n\n\n<h5 class=\"has-text-align-center has-text-color wp-block-heading\" style=\"color:#3c4858;font-size:18px\">Fromage\/Dessert<\/h5>\n\n\n\n<p class=\"has-text-align-center has-text-color\" style=\"color:#999999;font-size:14px\"> Portion de fromage (camembert, saint nectaire, etc&#8230;).<br> Yaourt aux fruits.<br> Compote.<br> Salade de fruits.<br> Part de g\u00e2teau (tous les weekends).<br> Flan.<br> <\/p>\n\n\n\n<div style=\"height:25px\" aria-hidden=\"true\" class=\"wp-block-spacer\"><\/div>\n<\/div>\n\n\n\n<div class=\"wp-block-column is-layout-flow wp-block-column-is-layout-flow\">\n<div class=\"wp-block-image\"><figure class=\"aligncenter size-large\"><img decoding=\"async\" src=\"http:\/\/localhost:8002\/wp-content\/themes\/hestia\/assets\/img\/feat3.png\" alt=\"\" class=\"wp-image-72\"\/><\/figure><\/div>\n\n\n\n<h5 class=\"has-text-align-center has-text-color wp-block-heading\" style=\"color:#3c4858;font-size:18px\">Soupes<\/h5>\n\n\n\n<p class=\"has-text-align-center has-text-color\" style=\"color:#999999;font-size:14px\">Soupe de l\u00e9gumes maison (choux fleur, \u00e9pinard, pois cass\u00e9s, champignon, etc&#8230;).<\/p>\n\n\n\n<div style=\"height:25px\" aria-hidden=\"true\" class=\"wp-block-spacer\"><\/div>\n<\/div>\n<\/div>\n<\/div><\/div>\n","protected":false},"excerpt":{"rendered":"","protected":false},"author":1,"featured_media":0,"parent":0,"menu_order":0,"comment_status":"closed","ping_status":"open","template":"","meta":{"footnotes":""},"class_list":["post-2","page","type-page","status-publish","hentry"],"_links":{"self":[{"href":"https:\/\/www.traiteur-authentique.com\/index.php\/wp-json\/wp\/v2\/pages\/2","targetHints":{"allow":["GET"]}}],"collection":[{"href":"https:\/\/www.traiteur-authentique.com\/index.php\/wp-json\/wp\/v2\/pages"}],"about":[{"href":"https:\/\/www.traiteur-authentique.com\/index.php\/wp-json\/wp\/v2\/types\/page"}],"author":[{"embeddable":true,"href":"https:\/\/www.traiteur-authentique.com\/index.php\/wp-json\/wp\/v2\/users\/1"}],"replies":[{"embeddable":true,"href":"https:\/\/www.traiteur-authentique.com\/index.php\/wp-json\/wp\/v2\/comments?post=2"}],"version-history":[{"count":1,"href":"https:\/\/www.traiteur-authentique.com\/index.php\/wp-json\/wp\/v2\/pages\/2\/revisions"}],"predecessor-version":[{"id":7,"href":"https:\/\/www.traiteur-authentique.com\/index.php\/wp-json\/wp\/v2\/pages\/2\/revisions\/7"}],"wp:attachment":[{"href":"https:\/\/www.traiteur-authentique.com\/index.php\/wp-json\/wp\/v2\/media?parent=2"}],"curies":[{"name":"wp","href":"https:\/\/api.w.org\/{rel}","templated":true}]}}