{"id":18,"date":"2022-02-17T22:15:57","date_gmt":"2022-02-17T21:15:57","guid":{"rendered":"http:\/\/www.traiteur-authentique.com\/index.php\/hestia-front\/"},"modified":"2026-04-14T16:39:17","modified_gmt":"2026-04-14T14:39:17","slug":"hestia-front","status":"publish","type":"page","link":"https:\/\/www.traiteur-authentique.com\/","title":{"rendered":"Home"},"content":{"rendered":"\n<div class=\"wp-block-cover alignfull is-light hestia-clear-top-padding\"><span aria-hidden=\"true\" class=\"wp-block-cover__background has-white-background-color has-background-dim-100 has-background-dim\"><\/span><div class=\"wp-block-cover__inner-container is-layout-flow wp-block-cover-is-layout-flow\">\n<h2 class=\"wp-block-heading has-text-align-center has-text-color\" id=\"prestations\" style=\"color:#3c4858\">Prestations<\/h2>\n\n\n\n<div style=\"height:40px\" aria-hidden=\"true\" class=\"wp-block-spacer\"><\/div>\n\n\n\n<div class=\"wp-block-columns container is-layout-flex wp-container-core-columns-is-layout-9d6595d7 wp-block-columns-is-layout-flex\">\n<div class=\"wp-block-column is-layout-flow wp-block-column-is-layout-flow\">\n<p class=\"has-text-color\" style=\"color:#999999\"><strong>Pourquoi opter pour le portage de repas ?<\/strong><\/p>\n\n\n\n<p>Le portage de repas constitue une aide pr\u00e9cieuse au maintien \u00e0 domicile des personnes \u00e2g\u00e9es et\/ou fragiles. Les livraisons r\u00e9guli\u00e8res permettent d\u2019assurer une pr\u00e9sence quotidienne tout en garantissant une alimentation fra\u00eeche, \u00e9quilibr\u00e9e et adapt\u00e9e.<\/p>\n\n\n\n<p><strong>Organisation des livraisons :<\/strong><br>Les livraisons sont effectu\u00e9es du lundi au vendredi selon l\u2019organisation suivante :<\/p>\n\n\n\n<ul class=\"wp-block-list\">\n<li>lundi : livraison des repas du lundi,<\/li>\n\n\n\n<li>mardi : livraison des repas du mardi et du mercredi,<\/li>\n\n\n\n<li>jeudi : livraison des repas du jeudi et du vendredi,<\/li>\n\n\n\n<li>vendredi : livraison des repas du samedi et du dimanche.<\/li>\n<\/ul>\n\n\n\n<p><strong>Choix des menus :<\/strong><br>Des menus \u00e0 cocher sont propos\u00e9s au b\u00e9n\u00e9ficiaire, lui permettant de choisir parmi :<\/p>\n\n\n\n<ul class=\"wp-block-list\">\n<li>2 entr\u00e9es,<\/li>\n\n\n\n<li>2 plats protidiques (viande ou poisson),<\/li>\n\n\n\n<li>2 accompagnements (l\u00e9gumes ou f\u00e9culents),<\/li>\n\n\n\n<li>2 produits laitiers,<\/li>\n\n\n\n<li>2 desserts,<\/li>\n\n\n\n<li>1 potage.<\/li>\n<\/ul>\n\n\n\n<p>Le tarif est de <strong>12,00 \u20ac par jour<\/strong>.<\/p>\n\n\n\n<p>Les menus sont \u00e9labor\u00e9s par des professionnels, attentifs \u00e0 l\u2019\u00e9quilibre nutritionnel et \u00e0 la qualit\u00e9 gustative des repas.<\/p>\n\n\n\n<p><strong>Composition des repas :<\/strong><\/p>\n\n\n\n<p><strong>Midi :<\/strong> une entr\u00e9e, un plat, une garniture, un fromage, un dessert et une demi baguette,<\/p>\n\n\n\n<p><strong>Soir :<\/strong> un potage.<\/p>\n<\/div>\n<\/div>\n\n\n\n<div class=\"wp-block-columns container is-layout-flex wp-container-core-columns-is-layout-9d6595d7 wp-block-columns-is-layout-flex\">\n<div class=\"wp-block-column is-layout-flow wp-block-column-is-layout-flow\">\n<div class=\"icon icon-primary care-icon\">\n<i class=\"fas fa-truck\"><\/i>\n<\/div>\n<h3 class=\"has-text-align-center has-text-color wp-block-heading\" style=\"color:#3c4858;font-size:18px\">Rapidit\u00e9<\/h3>\n\n\n\n<p class=\"has-text-align-center has-text-color\" style=\"color:#999999;font-size:14px\">La mise en place du portage de repas \u00e0 domicile peut se faire rapidement et facilement. Contactez l&rsquo;atelier traiteur au minimum 72h avant. Il n&rsquo;y a aucun engagement sur la dur\u00e9e ni frais de dossier.<\/p>\n\n\n\n<div style=\"height:25px\" aria-hidden=\"true\" class=\"wp-block-spacer\"><\/div>\n<\/div>\n\n\n\n<div class=\"wp-block-column is-layout-flow wp-block-column-is-layout-flow\">\n<div class=\"icon icon-primary care-icon\">\n<i class=\"fas fa-file-invoice\"><\/i>\n<\/div>\n<h3 class=\"has-text-align-center has-text-color wp-block-heading\" style=\"color:#3c4858;font-size:18px\">Facturation<\/h3>\n\n\n\n<p class=\"has-text-align-center has-text-color\" style=\"color:#999999;font-size:14px\">Elle s&rsquo;effectue \u00e0 la fin de chaque mois. Nous b\u00e9n\u00e9ficions de l&rsquo;agr\u00e9ment Service \u00e0 la Personne qui vous permet de b\u00e9n\u00e9ficier de l&rsquo;Allocation Personnalis\u00e9e d&rsquo;Autonomie (APA) aupr\u00e8s du Conseil d\u00e9partemental.<\/p>\n\n\n\n<div style=\"height:25px\" aria-hidden=\"true\" class=\"wp-block-spacer\"><\/div>\n<\/div>\n\n\n\n<div class=\"wp-block-column is-layout-flow wp-block-column-is-layout-flow\">\n<div class=\"icon icon-primary care-icon\">\n<i class=\"fas fa-check\"><\/i>\n<\/div>\n<h3 class=\"has-text-align-center has-text-color wp-block-heading\" style=\"color:#3c4858;font-size:18px\">Hygi\u00e8ne<\/h3>\n\n\n\n<p class=\"has-text-align-center has-text-color\" style=\"color:#999999;font-size:14px\">Tous les repas sont r\u00e9alis\u00e9s dans des conditions d&rsquo;hygi\u00e8ne strictes. Ils sont livr\u00e9s en barquettes thermo-soud\u00e9es et micro-ondables sur lesquelles figurent la date de fabrication et la date limite de consommation.<\/p>\n\n\n\n<div style=\"height:25px\" aria-hidden=\"true\" class=\"wp-block-spacer\"><\/div>\n<\/div>\n<\/div>\n\n\n\n<h2 class=\"wp-block-heading has-text-align-center has-text-color\" id=\"exemples\" style=\"color:#3c4858\">Exemples de plats<\/h2>\n\n\n\n<div style=\"height:40px\" aria-hidden=\"true\" class=\"wp-block-spacer\"><\/div>\n\n\n\n<div class=\"wp-block-columns container is-layout-flex wp-container-core-columns-is-layout-9d6595d7 wp-block-columns-is-layout-flex\">\n<div class=\"wp-block-column is-layout-flow wp-block-column-is-layout-flow\"><div class=\"wp-block-image\">\n<figure class=\"aligncenter size-full\"><img loading=\"lazy\" decoding=\"async\" width=\"200\" height=\"200\" src=\"https:\/\/www.traiteur-authentique.com\/wp-content\/uploads\/2022\/02\/entree.jpg\" alt=\"\" class=\"wp-image-36\" srcset=\"https:\/\/www.traiteur-authentique.com\/wp-content\/uploads\/2022\/02\/entree.jpg 200w, https:\/\/www.traiteur-authentique.com\/wp-content\/uploads\/2022\/02\/entree-150x150.jpg 150w\" sizes=\"auto, (max-width: 200px) 100vw, 200px\" \/><\/figure>\n<\/div>\n\n\n<h5 class=\"wp-block-heading has-text-align-center has-text-color\" id=\"entrees\" style=\"color:#3c4858;font-size:18px\">Entr\u00e9es<\/h5>\n\n\n\n<p class=\"has-text-align-center has-text-color\" style=\"color:#999999;font-size:14px\"> Celeri remoulade.<br> Carottes rap\u00e9es.<br> Quiche.<br> Pizza.<br> Charcuterie (pat\u00e9 croute, saucisson, jambon blanc, etc&#8230;).<br> <\/p>\n\n\n\n<div style=\"height:25px\" aria-hidden=\"true\" class=\"wp-block-spacer\"><\/div>\n<\/div>\n\n\n\n<div class=\"wp-block-column is-layout-flow wp-block-column-is-layout-flow\"><div class=\"wp-block-image\">\n<figure class=\"aligncenter size-full\"><img loading=\"lazy\" decoding=\"async\" width=\"200\" height=\"200\" src=\"https:\/\/www.traiteur-authentique.com\/wp-content\/uploads\/2022\/02\/plat.jpg\" alt=\"\" class=\"wp-image-34\" srcset=\"https:\/\/www.traiteur-authentique.com\/wp-content\/uploads\/2022\/02\/plat.jpg 200w, https:\/\/www.traiteur-authentique.com\/wp-content\/uploads\/2022\/02\/plat-150x150.jpg 150w\" sizes=\"auto, (max-width: 200px) 100vw, 200px\" \/><\/figure>\n<\/div>\n\n\n<h5 class=\"wp-block-heading has-text-align-center has-text-color\" id=\"plat\" style=\"color:#3c4858;font-size:18px\">Plat<\/h5>\n\n\n\n<p class=\"has-text-align-center has-text-color\" style=\"color:#999999;font-size:14px\">Cuisse de canette.<br> Saut\u00e9 de porc.<br> Quenelles de Brochet\/volaille..<br> Les plats sont toujours. accompagn\u00e9s de l\u00e9gumes ou f\u00e9culents. (choux fleur, petits poids, haricots verts, etc&#8230;).<\/p>\n\n\n\n<div style=\"height:25px\" aria-hidden=\"true\" class=\"wp-block-spacer\"><\/div>\n<\/div>\n\n\n\n<div class=\"wp-block-column is-layout-flow wp-block-column-is-layout-flow\"><div class=\"wp-block-image\">\n<figure class=\"aligncenter size-full\"><img loading=\"lazy\" decoding=\"async\" width=\"200\" height=\"200\" src=\"https:\/\/www.traiteur-authentique.com\/wp-content\/uploads\/2022\/02\/fromage-dessert.jpg\" alt=\"\" class=\"wp-image-37\" srcset=\"https:\/\/www.traiteur-authentique.com\/wp-content\/uploads\/2022\/02\/fromage-dessert.jpg 200w, https:\/\/www.traiteur-authentique.com\/wp-content\/uploads\/2022\/02\/fromage-dessert-150x150.jpg 150w\" sizes=\"auto, (max-width: 200px) 100vw, 200px\" \/><\/figure>\n<\/div>\n\n\n<h5 class=\"wp-block-heading has-text-align-center has-text-color\" id=\"fromage-dessert\" style=\"color:#3c4858;font-size:18px\">Fromage\/Dessert<\/h5>\n\n\n\n<p class=\"has-text-align-center has-text-color\" style=\"color:#999999;font-size:14px\">Portion de fromage (camembert, saint nectaire, etc&#8230;).<br> Yaourt aux fruits.<br> Compote.<br> Salade de fruits.<br> Part de g\u00e2teau (tous les dimanche).<br> Flan.<br><\/p>\n\n\n\n<div style=\"height:25px\" aria-hidden=\"true\" class=\"wp-block-spacer\"><\/div>\n<\/div>\n\n\n\n<div class=\"wp-block-column is-layout-flow wp-block-column-is-layout-flow\"><div class=\"wp-block-image\">\n<figure class=\"aligncenter size-full\"><img loading=\"lazy\" decoding=\"async\" width=\"200\" height=\"200\" src=\"https:\/\/www.traiteur-authentique.com\/wp-content\/uploads\/2022\/02\/soupe.jpg\" alt=\"\" class=\"wp-image-33\" srcset=\"https:\/\/www.traiteur-authentique.com\/wp-content\/uploads\/2022\/02\/soupe.jpg 200w, https:\/\/www.traiteur-authentique.com\/wp-content\/uploads\/2022\/02\/soupe-150x150.jpg 150w\" sizes=\"auto, (max-width: 200px) 100vw, 200px\" \/><\/figure>\n<\/div>\n\n\n<h5 class=\"wp-block-heading has-text-align-center has-text-color\" id=\"soupes\" style=\"color:#3c4858;font-size:18px\">Soupes<\/h5>\n\n\n\n<p class=\"has-text-align-center has-text-color\" style=\"color:#999999;font-size:14px\">Soupe de l\u00e9gumes maison (choux fleur, \u00e9pinard, pois cass\u00e9s, champignon, etc&#8230;).<\/p>\n\n\n\n<div style=\"height:25px\" aria-hidden=\"true\" class=\"wp-block-spacer\"><\/div>\n<\/div>\n<\/div>\n<\/div><\/div>\n","protected":false},"excerpt":{"rendered":"","protected":false},"author":1,"featured_media":0,"parent":0,"menu_order":0,"comment_status":"closed","ping_status":"closed","template":"","meta":{"footnotes":""},"class_list":["post-18","page","type-page","status-publish","hentry"],"_links":{"self":[{"href":"https:\/\/www.traiteur-authentique.com\/index.php\/wp-json\/wp\/v2\/pages\/18","targetHints":{"allow":["GET"]}}],"collection":[{"href":"https:\/\/www.traiteur-authentique.com\/index.php\/wp-json\/wp\/v2\/pages"}],"about":[{"href":"https:\/\/www.traiteur-authentique.com\/index.php\/wp-json\/wp\/v2\/types\/page"}],"author":[{"embeddable":true,"href":"https:\/\/www.traiteur-authentique.com\/index.php\/wp-json\/wp\/v2\/users\/1"}],"replies":[{"embeddable":true,"href":"https:\/\/www.traiteur-authentique.com\/index.php\/wp-json\/wp\/v2\/comments?post=18"}],"version-history":[{"count":10,"href":"https:\/\/www.traiteur-authentique.com\/index.php\/wp-json\/wp\/v2\/pages\/18\/revisions"}],"predecessor-version":[{"id":67,"href":"https:\/\/www.traiteur-authentique.com\/index.php\/wp-json\/wp\/v2\/pages\/18\/revisions\/67"}],"wp:attachment":[{"href":"https:\/\/www.traiteur-authentique.com\/index.php\/wp-json\/wp\/v2\/media?parent=18"}],"curies":[{"name":"wp","href":"https:\/\/api.w.org\/{rel}","templated":true}]}}